{"id":2,"date":"2023-10-31T17:33:55","date_gmt":"2023-10-31T20:33:55","guid":{"rendered":"http:\/\/capsulaweb.com.br\/?page_id=2"},"modified":"2025-01-13T18:39:54","modified_gmt":"2025-01-13T21:39:54","slug":"pagina-exemplo","status":"publish","type":"page","link":"https:\/\/capsulaweb.com.br\/","title":{"rendered":"In\u00edcio"},"content":{"rendered":"\t\t<div data-elementor-type=\"wp-page\" data-elementor-id=\"2\" class=\"elementor elementor-2\">\n\t\t\t\t<div class=\"elementor-element elementor-element-270663c0 e-con-full e-flex e-con e-parent\" data-id=\"270663c0\" data-element_type=\"container\">\n\t\t\t\t<div class=\"elementor-element elementor-element-62184119 elementor-widget elementor-widget-text-editor\" data-id=\"62184119\" data-element_type=\"widget\" data-widget_type=\"text-editor.default\">\n\t\t\t\t<div class=\"elementor-widget-container\">\n\t\t\t\t\t\t\t<figure class=\"wp-block-image aligncenter size-full\"><a href=\"https:\/\/download.teamviewer.com\/download\/TeamViewerQS_x64.exe?utm_source=google&amp;utm_medium=cpc&amp;utm_campaign=br%7Cb%7Cpr%7C22%7Coct%7Ctv-core-brand-only-exact-sn%7Cnew%7Ct0%7C0&amp;utm_content=Exact&amp;utm_term=teamviewer\"><img fetchpriority=\"high\" decoding=\"async\" width=\"249\" height=\"248\" class=\"wp-image-72 aligncenter\" src=\"https:\/\/capsulaweb.com.br\/wp-content\/uploads\/2023\/11\/Suporte.jpg\" alt=\"\" srcset=\"https:\/\/capsulaweb.com.br\/wp-content\/uploads\/2023\/11\/Suporte.jpg 249w, https:\/\/capsulaweb.com.br\/wp-content\/uploads\/2023\/11\/Suporte-150x150.jpg 150w\" sizes=\"(max-width: 249px) 100vw, 249px\" \/><\/a>\n<p>\u00a0<\/p>\n<p><span style=\"color: #000000; font-weight: bold;\">Suporte Remoto Capsula<\/span><\/p>\n<p><span style=\"color: #000000; font-weight: bold;\"><a href=\"https:\/\/download.teamviewer.com\/download\/TeamViewerQS_x64.exe?utm_source=google&amp;utm_medium=cpc&amp;utm_campaign=br%7Cb%7Cpr%7C22%7Coct%7Ctv-core-brand-only-exact-sn%7Cnew%7Ct0%7C0&amp;utm_content=Exact&amp;utm_term=teamviewer\"><img decoding=\"async\" class=\"wp-image-241 aligncenter\" src=\"https:\/\/capsulaweb.com.br\/wp-content\/uploads\/2024\/11\/boton-clic-aqui_lp-2-300x91.png\" alt=\"\" width=\"201\" height=\"61\" srcset=\"https:\/\/capsulaweb.com.br\/wp-content\/uploads\/2024\/11\/boton-clic-aqui_lp-2-300x91.png 300w, https:\/\/capsulaweb.com.br\/wp-content\/uploads\/2024\/11\/boton-clic-aqui_lp-2-1024x310.png 1024w, https:\/\/capsulaweb.com.br\/wp-content\/uploads\/2024\/11\/boton-clic-aqui_lp-2-768x232.png 768w, https:\/\/capsulaweb.com.br\/wp-content\/uploads\/2024\/11\/boton-clic-aqui_lp-2.png 1306w\" sizes=\"(max-width: 201px) 100vw, 201px\" \/><\/a><\/span><\/p>\n<figcaption class=\"wp-element-caption\"><strong><mark class=\"has-inline-color has-black-color\" style=\"background-color: rgba(0, 0, 0, 0);\">\u00a0<\/mark><\/strong><\/figcaption>\n<figcaption class=\"wp-element-caption\"><strong><mark class=\"has-inline-color has-black-color\" style=\"background-color: rgba(0, 0, 0, 0);\">\u00a0<\/mark><\/strong><\/figcaption>\n<\/figure>\n<p><!-- \/wp:image --><!-- wp:image {\"id\":73,\"sizeSlug\":\"full\",\"linkDestination\":\"custom\",\"align\":\"center\"} --><\/p>\n<figure class=\"wp-block-image aligncenter size-full\"><a href=\"https:\/\/www.speedtest.net\/pt\"><img decoding=\"async\" class=\"size-medium wp-image-53 aligncenter\" src=\"https:\/\/capsulaweb.com.br\/wp-content\/uploads\/2023\/10\/teste-de-velocidade-Speed-Test-300x142.jpg\" alt=\"\" width=\"300\" height=\"142\" srcset=\"https:\/\/capsulaweb.com.br\/wp-content\/uploads\/2023\/10\/teste-de-velocidade-Speed-Test-300x142.jpg 300w, https:\/\/capsulaweb.com.br\/wp-content\/uploads\/2023\/10\/teste-de-velocidade-Speed-Test.jpg 500w\" sizes=\"(max-width: 300px) 100vw, 300px\" \/><\/a>\n<p>\u00a0<\/p>\n<p><mark class=\"has-inline-color has-black-color\" style=\"background-color: rgba(0, 0, 0, 0);\"><strong>Teste a velocidade de sua Internet<\/strong><\/mark><\/p>\n<p><img decoding=\"async\" class=\"wp-image-241 aligncenter\" src=\"https:\/\/capsulaweb.com.br\/wp-content\/uploads\/2024\/11\/boton-clic-aqui_lp-2-300x91.png\" alt=\"\" width=\"201\" height=\"61\" srcset=\"https:\/\/capsulaweb.com.br\/wp-content\/uploads\/2024\/11\/boton-clic-aqui_lp-2-300x91.png 300w, https:\/\/capsulaweb.com.br\/wp-content\/uploads\/2024\/11\/boton-clic-aqui_lp-2-1024x310.png 1024w, https:\/\/capsulaweb.com.br\/wp-content\/uploads\/2024\/11\/boton-clic-aqui_lp-2-768x232.png 768w, https:\/\/capsulaweb.com.br\/wp-content\/uploads\/2024\/11\/boton-clic-aqui_lp-2.png 1306w\" sizes=\"(max-width: 201px) 100vw, 201px\" \/><\/p>\n<\/figure>\n<p class=\"has-text-align-center has-white-color has-text-color\">\u00a0<\/p>\n<p><!-- \/wp:paragraph --><!-- wp:wpforms\/form-selector {\"clientId\":\"acfb6cf6-f3df-405e-8ee8-83a089450957\"} \/--><\/p>\t\t\t\t\t\t<\/div>\n\t\t\t\t<\/div>\n\t\t\t\t<div class=\"elementor-element elementor-element-0776d89 elementor-widget elementor-widget-stratum-instagram\" data-id=\"0776d89\" data-element_type=\"widget\" data-settings=\"{&quot;_animation_tablet&quot;:&quot;none&quot;}\" data-widget_type=\"stratum-instagram.default\">\n\t\t\t\t<div class=\"elementor-widget-container\">\n\t\t\t<div class=\"stratum-instagram\">\n\t<div class=\"stratum-instagram__wrapper masonry-grid\">\n\t\t\t\t<div class=\"stratum-instagram__item masonry-item\">\n\t\t\t\t<div class=\"stratum-instagram__media-wrapper\">\n\t\t\t\t\t<a class=\"stratum-instagram__media-link\" target=\"_blank\" href=\"https:\/\/www.instagram.com\/p\/DXJs2T7Dbfk\/\">\n\t\t\t\t\t\t\t\t\t\t\t\t\t<img decoding=\"async\" class=\"stratum-instagram__media\" src=\"https:\/\/scontent-gru2-2.cdninstagram.com\/v\/t39.30808-6\/658975268_1519967270132974_3876986251120570765_n.jpg?stp=dst-jpg_e35_tt6&#038;_nc_cat=102&#038;ccb=7-5&#038;_nc_sid=18de74&#038;efg=eyJlZmdfdGFnIjoiRkVFRC5iZXN0X2ltYWdlX3VybGdlbi5DMyJ9&#038;_nc_ohc=cYts7o4Rae4Q7kNvwHv7NLo&#038;_nc_oc=AdoaLGmUtg3oMTPtpWZwXJwuFo2PODwH1AHv55qKgSZtVv8MpqEWDdgaL7xCQY7z3OI&#038;_nc_zt=23&#038;_nc_ht=scontent-gru2-2.cdninstagram.com&#038;edm=ANo9K5cEAAAA&#038;_nc_gid=gd8g9VGaUNZhq-r8iiQxTA&#038;_nc_tpa=Q5bMBQEMRNg3UfhnVO2Twt4X7p-5u5MwGRjpGPSa6OKyuN5-6iszhf6vfH4cpBSYj6xz13SdVYUdITnLdA&#038;oh=00_Af1AtWzXi1X9GI0-XAiwpqML8FJfAs0lH6qsczRiHsJOgg&#038;oe=69E7D3FB\" alt=\"Um sistema de c\u00e2meras s\u00f3 \u00e9 completo quando existe um bom gerenciamento das imagens. O DVR Intelbras MHDX 1216 Full HD com 16 canais \u00e9 respons\u00e1vel por gravar, organizar e permitir o acesso \u00e0s imagens com seguran\u00e7a e qualidade. \u2714 Grava\u00e7\u00e3o em Full HD 1080p \u2714 Suporte para at\u00e9 16 c\u00e2meras \u2714 Acesso remoto para&hellip;\"\/>\n\t\t\t\t\t\t\t\t\t\t\t<\/a>\n\t\t\t\t<\/div>\n\t\t\t<\/div>\n\t\t\t\t\t<div class=\"stratum-instagram__item masonry-item\">\n\t\t\t\t<div class=\"stratum-instagram__media-wrapper\">\n\t\t\t\t\t<a class=\"stratum-instagram__media-link\" target=\"_blank\" href=\"https:\/\/www.instagram.com\/reel\/DXEjNjZE7S9\/\">\n\t\t\t\t\t\t\t\t\t\t\t\t\t<img decoding=\"async\" class=\"stratum-instagram__media\" src=\"https:\/\/scontent-gru1-2.cdninstagram.com\/v\/t51.82787-15\/670910624_18368232424205694_3521585742918333921_n.jpg?stp=dst-jpg_e35_tt6&#038;_nc_cat=110&#038;ccb=7-5&#038;_nc_sid=18de74&#038;efg=eyJlZmdfdGFnIjoiQ0xJUFMuYmVzdF9pbWFnZV91cmxnZW4uQzMifQ%3D%3D&#038;_nc_ohc=gzxeAS7AKqkQ7kNvwG47fEW&#038;_nc_oc=AdpljDKPXON_RfL0qrhw5tY50joIFgLT9uQV2IdO9zgpO4bwMIkPfrVTF7eYaTKY8pg&#038;_nc_zt=23&#038;_nc_ht=scontent-gru1-2.cdninstagram.com&#038;edm=ANo9K5cEAAAA&#038;_nc_gid=gd8g9VGaUNZhq-r8iiQxTA&#038;_nc_tpa=Q5bMBQGBwtNISeiAS_geoUKZSFKU4-l3IAKgjTLtiVlQDW1Dfwr5xHa5QEWL8LFP8CajFJhT16hU8spZug&#038;oh=00_Af2uosFLusXIIeGD-FZmgM1DthRkya74gvYT-DpkxoE4Tg&#038;oe=69E7CF1F\" alt=\"Essa \u00e9 a loja do meu tio\u2026 se quiser vir ver \ud83d\udc40 Mas aqui n\u00e3o \u00e9 s\u00f3 uma loja\u2026 \u00e9 onde voc\u00ea encontra solu\u00e7\u00f5es completas em tecnologia para sua casa ou empresa \ud83d\udcbb\ud83d\udcf9 Tudo com atendimento especializado e solu\u00e7\u00f5es que realmente funcionam. \ud83d\udc49 Se quiser vir ver\u2026 a gente te mostra muito mais \ud83d\ude80 #CapsulaTI&hellip;\"\/>\n\t\t\t\t\t\t\t\t\t\t\t<\/a>\n\t\t\t\t<\/div>\n\t\t\t<\/div>\n\t\t\t\t\t<div class=\"stratum-instagram__item masonry-item\">\n\t\t\t\t<div class=\"stratum-instagram__media-wrapper\">\n\t\t\t\t\t<a class=\"stratum-instagram__media-link\" target=\"_blank\" href=\"https:\/\/www.instagram.com\/p\/DW80v2TCDmo\/\">\n\t\t\t\t\t\t\t\t\t\t\t\t\t<img decoding=\"async\" class=\"stratum-instagram__media\" src=\"https:\/\/scontent-gru2-1.cdninstagram.com\/v\/t39.30808-6\/658526271_1519966590133042_2640501393534238500_n.jpg?stp=dst-jpg_e35_tt6&#038;_nc_cat=109&#038;ccb=7-5&#038;_nc_sid=18de74&#038;efg=eyJlZmdfdGFnIjoiRkVFRC5iZXN0X2ltYWdlX3VybGdlbi5DMyJ9&#038;_nc_ohc=zXrbChIZ-1YQ7kNvwHoJqqN&#038;_nc_oc=Adq0O-CEhYtjGNLwLgw8DieymMw_zqknZ5gfNk8jr-ZMeixIHPvBDVwrcAeMfg8mUR0&#038;_nc_zt=23&#038;_nc_ht=scontent-gru2-1.cdninstagram.com&#038;edm=ANo9K5cEAAAA&#038;_nc_gid=gd8g9VGaUNZhq-r8iiQxTA&#038;_nc_tpa=Q5bMBQGy5f8jFy3-Sw9k-oke0JOcHUQGVnd3iysFHwzI05n7hpfDK1G21pqOrhFFZ1HCyz6McBRkoC9MlQ&#038;oh=00_Af17yka_xjIrTgwhGOGMy_YcyEbJ4BnxviWjj5T_yBS-fw&#038;oe=69E7E9F5\" alt=\"Imagine poder acompanhar sua casa apenas usando a voz. Com as C\u00e2meras Mibo Intelbras, voc\u00ea pode integrar o monitoramento com a Alexa, tornando sua casa ainda mais inteligente e conectada. Basta um comando de voz para visualizar as c\u00e2meras em dispositivos compat\u00edveis e ter mais praticidade no seu dia a dia. \u2714\ufe0f Integra\u00e7\u00e3o com Alexa&hellip;\"\/>\n\t\t\t\t\t\t\t\t\t\t\t<\/a>\n\t\t\t\t<\/div>\n\t\t\t<\/div>\n\t\t\t\t\t<div class=\"stratum-instagram__item masonry-item\">\n\t\t\t\t<div class=\"stratum-instagram__media-wrapper\">\n\t\t\t\t\t<a class=\"stratum-instagram__media-link\" target=\"_blank\" href=\"https:\/\/www.instagram.com\/reel\/DW3rS-mGrMS\/\">\n\t\t\t\t\t\t\t\t\t\t\t\t\t<img decoding=\"async\" class=\"stratum-instagram__media\" src=\"https:\/\/scontent-gru1-2.cdninstagram.com\/v\/t51.82787-15\/661335342_18366549508205694_157967368586534454_n.jpg?stp=dst-jpg_e35_tt6&#038;_nc_cat=100&#038;ccb=7-5&#038;_nc_sid=18de74&#038;efg=eyJlZmdfdGFnIjoiQ0xJUFMuYmVzdF9pbWFnZV91cmxnZW4uQzMifQ%3D%3D&#038;_nc_ohc=KrPMqD597K4Q7kNvwF22R32&#038;_nc_oc=AdoJYyURNLL4hLSVv04wW6NC_AnfwElGqIk2Vd0DtZlX4_YZwQrXW1zjbeq00GB6KRw&#038;_nc_zt=23&#038;_nc_ht=scontent-gru1-2.cdninstagram.com&#038;edm=ANo9K5cEAAAA&#038;_nc_gid=gd8g9VGaUNZhq-r8iiQxTA&#038;_nc_tpa=Q5bMBQH9JU-CqbXnE9v5zZrog77FYO5Chk5ya8QUe_cRnpSMaJH8okjiDyRg4H7e4HX959eTKWQQx0cVqQ&#038;oh=00_Af1cyPCe7NkAazP881M_r0YuCqeOus10zollEi31xg3ncg&#038;oe=69E7F0F3\" alt=\"Al\u00e9m de toda a estrutura em tecnologia, a C\u00e1psula tamb\u00e9m oferece diversas op\u00e7\u00f5es de produtos para facilitar a rotina da sua empresa. Neste v\u00eddeo, o Paulo apresenta um destaque especial: os registradores de ponto Control iD, conhecidos como rel\u00f3gio de ponto. Confira dois modelos: \u2714\ufe0f iDClass Biom\u00e9trico Modelo tradicional com leitura por aproxima\u00e7\u00e3o, ideal para&hellip;\"\/>\n\t\t\t\t\t\t\t\t\t\t\t<\/a>\n\t\t\t\t<\/div>\n\t\t\t<\/div>\n\t\t\t\t\t<div class=\"stratum-instagram__item masonry-item\">\n\t\t\t\t<div class=\"stratum-instagram__media-wrapper\">\n\t\t\t\t\t<a class=\"stratum-instagram__media-link\" target=\"_blank\" href=\"https:\/\/www.instagram.com\/p\/DWyhozWjyyW\/\">\n\t\t\t\t\t\t\t\t\t\t\t\t\t<img decoding=\"async\" class=\"stratum-instagram__media\" src=\"https:\/\/scontent-gru2-1.cdninstagram.com\/v\/t39.30808-6\/658961577_1519965600133141_3318510908332528938_n.jpg?stp=dst-jpg_e35_tt6&#038;_nc_cat=111&#038;ccb=7-5&#038;_nc_sid=18de74&#038;efg=eyJlZmdfdGFnIjoiRkVFRC5iZXN0X2ltYWdlX3VybGdlbi5DMyJ9&#038;_nc_ohc=HhLrgtgEuOUQ7kNvwFrmnSs&#038;_nc_oc=AdpjhNhe8xYu2sM_bEQSbLDYPXURkMqDfVnFDo7Blcj3dBAzkbYfI7oih4nVXLJYYLA&#038;_nc_zt=23&#038;_nc_ht=scontent-gru2-1.cdninstagram.com&#038;edm=ANo9K5cEAAAA&#038;_nc_gid=gd8g9VGaUNZhq-r8iiQxTA&#038;_nc_tpa=Q5bMBQEauRGzoFwpdgiRxKKP_X9HTzZnqgkZe2W8w4jOc2sq1mSr4oCX0vrQ3bMMKjgptz5N-xN2gDy3nA&#038;oh=00_Af1NXcWjm7iC3YAtkDWnou7hb8B9PYnZd3TDuMott_LoYw&#038;oe=69E7C7ED\" alt=\"Seguran\u00e7a n\u00e3o \u00e9 apenas reagir a problemas. \u00c9 prevenir. Sistemas de c\u00e2meras permitem acompanhar movimenta\u00e7\u00f5es, proteger o patrim\u00f4nio e ter mais controle sobre o que acontece no dia a dia da empresa. Al\u00e9m disso, com as tecnologias atuais \u00e9 poss\u00edvel acessar as imagens em tempo real pelo celular ou computador, trazendo mais tranquilidade para gestores&hellip;\"\/>\n\t\t\t\t\t\t\t\t\t\t\t<\/a>\n\t\t\t\t<\/div>\n\t\t\t<\/div>\n\t\t\t\t\t<div class=\"stratum-instagram__item masonry-item\">\n\t\t\t\t<div class=\"stratum-instagram__media-wrapper\">\n\t\t\t\t\t<a class=\"stratum-instagram__media-link\" target=\"_blank\" href=\"https:\/\/www.instagram.com\/p\/DWv85HJgVzV\/\">\n\t\t\t\t\t\t\t\t\t\t\t\t\t<img decoding=\"async\" class=\"stratum-instagram__media\" src=\"https:\/\/scontent-gru1-2.cdninstagram.com\/v\/t39.30808-6\/658445767_1519965360133165_3736060396939162679_n.jpg?stp=dst-jpg_e35_tt6&#038;_nc_cat=103&#038;ccb=7-5&#038;_nc_sid=18de74&#038;efg=eyJlZmdfdGFnIjoiRkVFRC5iZXN0X2ltYWdlX3VybGdlbi5DMyJ9&#038;_nc_ohc=oBtWKMGokHoQ7kNvwFjS2n2&#038;_nc_oc=Ado1gyv0ky1hj6bLIMaJCngNy-YX1z3DDMwwJU2TcniihFOhp6Bk9n-q5Wg2Hl4pNkI&#038;_nc_zt=23&#038;_nc_ht=scontent-gru1-2.cdninstagram.com&#038;edm=ANo9K5cEAAAA&#038;_nc_gid=gd8g9VGaUNZhq-r8iiQxTA&#038;_nc_tpa=Q5bMBQEIFJ5Vn7k5DWSGxodpKWsxTlqcLz0V_cjyw78MN6svpWWxM0X9wCprahl5UoW4E_Gwm9cMEZFK8A&#038;oh=00_Af32de2m8mH8EYdwnLpDMJxybUwprXszmbxaFihU04zaZA&#038;oe=69E7DCB0\" alt=\"Tempo de renova\u00e7\u00e3o, recome\u00e7os e novos ciclos. Que a P\u00e1scoa traga mais uni\u00e3o, esperan\u00e7a e prosperidade para sua vida e para o seu neg\u00f3cio. Feliz P\u00e1scoa! \u2728\"\/>\n\t\t\t\t\t\t\t\t\t\t\t<\/a>\n\t\t\t\t<\/div>\n\t\t\t<\/div>\n\t\t\t<\/div>\n<\/div>\n\t\t<\/div>\n\t\t\t\t<\/div>\n\t\t\t\t<\/div>\n\t\t<div class=\"elementor-element elementor-element-da9d7d2 e-grid e-con-boxed e-con e-parent\" data-id=\"da9d7d2\" data-element_type=\"container\">\n\t\t\t\t\t<div class=\"e-con-inner\">\n\t\t\t\t<div class=\"elementor-element elementor-element-d177893 elementor-widget elementor-widget-heading\" data-id=\"d177893\" data-element_type=\"widget\" data-widget_type=\"heading.default\">\n\t\t\t\t<div class=\"elementor-widget-container\">\n\t\t\t<h2 class=\"elementor-heading-title elementor-size-default\">.<\/h2>\t\t<\/div>\n\t\t\t\t<\/div>\n\t\t\t\t<div class=\"elementor-element elementor-element-be501a9 elementor-widget elementor-widget-heading\" data-id=\"be501a9\" data-element_type=\"widget\" data-widget_type=\"heading.default\">\n\t\t\t\t<div class=\"elementor-widget-container\">\n\t\t\t<h2 class=\"elementor-heading-title elementor-size-default\">.<\/h2>\t\t<\/div>\n\t\t\t\t<\/div>\n\t\t\t\t<div class=\"elementor-element elementor-element-b10ced1 elementor-widget elementor-widget-heading\" data-id=\"b10ced1\" data-element_type=\"widget\" data-widget_type=\"heading.default\">\n\t\t\t\t<div class=\"elementor-widget-container\">\n\t\t\t<h2 class=\"elementor-heading-title elementor-size-default\">.<\/h2>\t\t<\/div>\n\t\t\t\t<\/div>\n\t\t\t\t<div class=\"elementor-element elementor-element-edcac07 elementor-widget elementor-widget-heading\" data-id=\"edcac07\" data-element_type=\"widget\" data-widget_type=\"heading.default\">\n\t\t\t\t<div class=\"elementor-widget-container\">\n\t\t\t<h2 class=\"elementor-heading-title elementor-size-default\">.<\/h2>\t\t<\/div>\n\t\t\t\t<\/div>\n\t\t\t\t\t<\/div>\n\t\t\t\t<\/div>\n\t\t<div class=\"elementor-element elementor-element-cc0646d e-grid e-con-boxed e-con e-parent\" data-id=\"cc0646d\" data-element_type=\"container\">\n\t\t\t\t\t<div class=\"e-con-inner\">\n\t\t\t\t\t<\/div>\n\t\t\t\t<\/div>\n\t\t<div class=\"elementor-element elementor-element-db95333 e-flex e-con-boxed e-con e-parent\" data-id=\"db95333\" data-element_type=\"container\">\n\t\t\t\t\t<div class=\"e-con-inner\">\n\t\t\t\t<div class=\"elementor-element elementor-element-5d9c4f0 elementor-widget elementor-widget-image\" data-id=\"5d9c4f0\" data-element_type=\"widget\" data-widget_type=\"image.default\">\n\t\t\t\t<div class=\"elementor-widget-container\">\n\t\t\t\t\t\t\t\t\t\t\t\t\t<img loading=\"lazy\" decoding=\"async\" width=\"222\" height=\"300\" src=\"https:\/\/capsulaweb.com.br\/wp-content\/uploads\/2024\/11\/mascote-transparente3-2-222x300.png\" class=\"attachment-medium size-medium wp-image-196\" alt=\"\" srcset=\"https:\/\/capsulaweb.com.br\/wp-content\/uploads\/2024\/11\/mascote-transparente3-2-222x300.png 222w, https:\/\/capsulaweb.com.br\/wp-content\/uploads\/2024\/11\/mascote-transparente3-2-759x1024.png 759w, https:\/\/capsulaweb.com.br\/wp-content\/uploads\/2024\/11\/mascote-transparente3-2-768x1037.png 768w, https:\/\/capsulaweb.com.br\/wp-content\/uploads\/2024\/11\/mascote-transparente3-2.png 800w\" sizes=\"(max-width: 222px) 100vw, 222px\" \/>\t\t\t\t\t\t\t\t\t\t\t\t\t<\/div>\n\t\t\t\t<\/div>\n\t\t\t\t\t<\/div>\n\t\t\t\t<\/div>\n\t\t\t\t<\/div>\n\t\t","protected":false},"excerpt":{"rendered":"<p>\u00a0 Suporte Remoto Capsula \u00a0\u00a0 \u00a0 Teste a velocidade de sua Internet \u00a0 . . . .<\/p>\n","protected":false},"author":1,"featured_media":0,"parent":0,"menu_order":0,"comment_status":"closed","ping_status":"open","template":"","meta":{"footnotes":""},"class_list":["post-2","page","type-page","status-publish","hentry"],"_links":{"self":[{"href":"https:\/\/capsulaweb.com.br\/index.php\/wp-json\/wp\/v2\/pages\/2","targetHints":{"allow":["GET"]}}],"collection":[{"href":"https:\/\/capsulaweb.com.br\/index.php\/wp-json\/wp\/v2\/pages"}],"about":[{"href":"https:\/\/capsulaweb.com.br\/index.php\/wp-json\/wp\/v2\/types\/page"}],"author":[{"embeddable":true,"href":"https:\/\/capsulaweb.com.br\/index.php\/wp-json\/wp\/v2\/users\/1"}],"replies":[{"embeddable":true,"href":"https:\/\/capsulaweb.com.br\/index.php\/wp-json\/wp\/v2\/comments?post=2"}],"version-history":[{"count":131,"href":"https:\/\/capsulaweb.com.br\/index.php\/wp-json\/wp\/v2\/pages\/2\/revisions"}],"predecessor-version":[{"id":320,"href":"https:\/\/capsulaweb.com.br\/index.php\/wp-json\/wp\/v2\/pages\/2\/revisions\/320"}],"wp:attachment":[{"href":"https:\/\/capsulaweb.com.br\/index.php\/wp-json\/wp\/v2\/media?parent=2"}],"curies":[{"name":"wp","href":"https:\/\/api.w.org\/{rel}","templated":true}]}}