{"id":104,"date":"2023-11-01T11:21:59","date_gmt":"2023-11-01T14:21:59","guid":{"rendered":"https:\/\/capsulaweb.com.br\/?page_id=104"},"modified":"2024-11-23T08:48:16","modified_gmt":"2024-11-23T11:48:16","slug":"104-2","status":"publish","type":"page","link":"https:\/\/capsulaweb.com.br\/index.php\/104-2\/","title":{"rendered":"Nossa hist\u00f3ria"},"content":{"rendered":"\t\t<div data-elementor-type=\"wp-page\" data-elementor-id=\"104\" class=\"elementor elementor-104\">\n\t\t\t\t<div class=\"elementor-element elementor-element-16e664a e-flex e-con-boxed e-con e-parent\" data-id=\"16e664a\" data-element_type=\"container\">\n\t\t\t\t\t<div class=\"e-con-inner\">\n\t\t\t\t<div class=\"elementor-element elementor-element-1f4ec31a elementor-widget elementor-widget-text-editor\" data-id=\"1f4ec31a\" data-element_type=\"widget\" data-widget_type=\"text-editor.default\">\n\t\t\t\t<div class=\"elementor-widget-container\">\n\t\t\t\t\t\t\t<!-- wp:paragraph -->\n<p><strong>QUEM SOMOS?<\/strong><\/p>\n<!-- \/wp:paragraph --><!-- wp:paragraph {\"textColor\":\"white\"} -->\n<p class=\"has-white-color has-text-color\">.<\/p>\n<!-- \/wp:paragraph --><!-- wp:paragraph -->\n<p><strong>CAPSULA SOLU\u00c7\u00d5ES EM INFORM\u00c1TICA<\/strong> nasceu em 07\/08\/2007 com o objetivo de presta\u00e7\u00e3o de servi\u00e7os de inform\u00e1tica para os clientes corporativos e residenciais.<\/p>\n<!-- \/wp:paragraph --><!-- wp:paragraph -->\n<p>\u201c<strong>CAPSULA<\/strong>\u201d \u00e9 uma empresa focada na implementa\u00e7\u00e3o de solu\u00e7\u00f5es integrando \u201cPessoas, Conhecimento e Processos\u201d e tem como principal objetivo oferecer em uma \u00fanica empresa solu\u00e7\u00f5es completas em inform\u00e1tica e sistemas de seguran\u00e7a.<\/p>\n<!-- \/wp:paragraph --><!-- wp:paragraph {\"textColor\":\"white\"} -->\n<p class=\"has-white-color has-text-color\">.<\/p>\n<!-- \/wp:paragraph --><!-- wp:paragraph -->\n<p><strong>A \u00e1rea de inform\u00e1tica<\/strong> com venda e manuten\u00e7\u00e3o de computadores\/notebooks, impressoras, servidores e perif\u00e9ricos, assim como redes de fibra \u00f3tica, par met\u00e1lico ou wi-fi, rack de servidores. Trabalhamos tamb\u00e9m com solu\u00e7\u00f5es e produtos de automa\u00e7\u00e3o comercial\/residencial assim como com rel\u00f3gios de ponto, busca pre\u00e7o, sat fiscal, sistema de fila de espera, controle de acesso, registradores, etc&#8230;<\/p>\n<!-- \/wp:paragraph --><!-- wp:paragraph {\"textColor\":\"white\"} -->\n<p class=\"has-white-color has-text-color\">.<\/p>\n<!-- \/wp:paragraph --><!-- wp:paragraph -->\n<p><strong>A \u00e1rea de seguran\u00e7a<\/strong> hoje presente com novas tecnologias e sistemas de comunica\u00e7\u00e3o atrav\u00e9s da internet, se aliou a inform\u00e1tica para atender de forma satisfat\u00f3ria e sublime a evolu\u00e7\u00e3o, se tornando hoje Sistemas de Seguran\u00e7a. C\u00e2meras anal\u00f3gicas\/ Ip\u00b4s, alarmes via rede e automa\u00e7\u00f5es que permite abertura de portas, luzes ou eventos diversos atrav\u00e9s de comando remoto por celular\/computador e comandos de voz (alexa, google, siri, etc..) Tal uni\u00e3o permite hoje o atendimento e a qualidade em seguran\u00e7a com tecnologias de ponta prontas a atender as maiores exig\u00eancias do mercado. Somos revenda certificada e autorizada para solu\u00e7\u00f5es Intelbras, Control-ID e Hikvision assim como certificados Furukawa, Mikrotik, Ubiquiti e Cisco.<\/p>\n<!-- \/wp:paragraph --><!-- wp:paragraph -->\n<p><br \/>Com profissionais certificados e atuantes no mercado, \u201cCapsula\u201d tem seus servi\u00e7os e produtos reconhecidos e com total satisfa\u00e7\u00e3o de seus clientes.<\/p>\n<!-- \/wp:paragraph --><!-- wp:paragraph -->\n<p>Nosso lema \u00e9 \u201c<strong>Atuar com conhecimento<\/strong>\u201d pois, atrav\u00e9s do constante conhecimento aliado a tecnologia oferecemos solu\u00e7\u00f5es inovadoras, \u00e1geis e seguras, assim como produtos de qualidade e com garantia de satisfa\u00e7\u00e3o.<\/p>\n<!-- \/wp:paragraph --><!-- wp:paragraph {\"textColor\":\"white\"} -->\n<p class=\"has-white-color has-text-color\">.<\/p>\n<!-- \/wp:paragraph --><!-- wp:video {\"id\":124} -->\n<figure class=\"wp-block-video\"><\/figure>\n<!-- \/wp:video -->\t\t\t\t\t\t<\/div>\n\t\t\t\t<\/div>\n\t\t\t\t\t<\/div>\n\t\t\t\t<\/div>\n\t\t<div class=\"elementor-element elementor-element-dcac66e e-flex e-con-boxed e-con e-parent\" data-id=\"dcac66e\" data-element_type=\"container\">\n\t\t\t\t\t<div class=\"e-con-inner\">\n\t\t\t\t<div class=\"elementor-element elementor-element-ea37b46 elementor-widget elementor-widget-video\" data-id=\"ea37b46\" data-element_type=\"widget\" data-settings=\"{&quot;youtube_url&quot;:&quot;https:\\\/\\\/www.youtube.com\\\/watch?v=OgDbPEh7RrU&quot;,&quot;modestbranding&quot;:&quot;yes&quot;,&quot;video_type&quot;:&quot;youtube&quot;,&quot;controls&quot;:&quot;yes&quot;}\" data-widget_type=\"video.default\">\n\t\t\t\t<div class=\"elementor-widget-container\">\n\t\t\t\t\t<div class=\"elementor-wrapper elementor-open-inline\">\n\t\t\t<div class=\"elementor-video\"><\/div>\t\t<\/div>\n\t\t\t\t<\/div>\n\t\t\t\t<\/div>\n\t\t\t\t\t<\/div>\n\t\t\t\t<\/div>\n\t\t\t\t<\/div>\n\t\t","protected":false},"excerpt":{"rendered":"<p>QUEM SOMOS? . CAPSULA SOLU\u00c7\u00d5ES EM INFORM\u00c1TICA nasceu em 07\/08\/2007 com o objetivo de presta\u00e7\u00e3o de servi\u00e7os de inform\u00e1tica para os clientes corporativos e residenciais. \u201cCAPSULA\u201d \u00e9 uma empresa focada na implementa\u00e7\u00e3o de solu\u00e7\u00f5es integrando \u201cPessoas, Conhecimento e Processos\u201d e tem como principal objetivo oferecer em uma \u00fanica empresa solu\u00e7\u00f5es completas em inform\u00e1tica e sistemas [&hellip;]<\/p>\n","protected":false},"author":1,"featured_media":0,"parent":0,"menu_order":0,"comment_status":"closed","ping_status":"closed","template":"","meta":{"footnotes":""},"class_list":["post-104","page","type-page","status-publish","hentry"],"_links":{"self":[{"href":"https:\/\/capsulaweb.com.br\/index.php\/wp-json\/wp\/v2\/pages\/104","targetHints":{"allow":["GET"]}}],"collection":[{"href":"https:\/\/capsulaweb.com.br\/index.php\/wp-json\/wp\/v2\/pages"}],"about":[{"href":"https:\/\/capsulaweb.com.br\/index.php\/wp-json\/wp\/v2\/types\/page"}],"author":[{"embeddable":true,"href":"https:\/\/capsulaweb.com.br\/index.php\/wp-json\/wp\/v2\/users\/1"}],"replies":[{"embeddable":true,"href":"https:\/\/capsulaweb.com.br\/index.php\/wp-json\/wp\/v2\/comments?post=104"}],"version-history":[{"count":19,"href":"https:\/\/capsulaweb.com.br\/index.php\/wp-json\/wp\/v2\/pages\/104\/revisions"}],"predecessor-version":[{"id":265,"href":"https:\/\/capsulaweb.com.br\/index.php\/wp-json\/wp\/v2\/pages\/104\/revisions\/265"}],"wp:attachment":[{"href":"https:\/\/capsulaweb.com.br\/index.php\/wp-json\/wp\/v2\/media?parent=104"}],"curies":[{"name":"wp","href":"https:\/\/api.w.org\/{rel}","templated":true}]}}